{"id":1637,"date":"2021-04-23T14:55:32","date_gmt":"2021-04-23T12:55:32","guid":{"rendered":"http:\/\/149.91.81.11\/ecrin_du_serein\/?page_id=1637"},"modified":"2021-05-26T16:08:59","modified_gmt":"2021-05-26T14:08:59","slug":"dans-la-region","status":"publish","type":"page","link":"https:\/\/ecrinduserein.com\/en\/votre-sejour\/dans-la-region\/","title":{"rendered":"Dans la r\u00e9gion"},"content":{"rendered":"<div data-elementor-type=\"wp-page\" data-elementor-id=\"1637\" class=\"elementor elementor-1637\">\n\t\t\t\t\t\t<section class=\"elementor-section elementor-top-section elementor-element elementor-element-4e239be elementor-section-boxed elementor-section-height-default elementor-section-height-default\" data-id=\"4e239be\" data-element_type=\"section\" data-e-type=\"section\">\n\t\t\t\t\t\t<div class=\"elementor-container elementor-column-gap-default\">\n\t\t\t\t\t<nav class=\"elementor-column elementor-col-100 elementor-top-column elementor-element elementor-element-364a0c5 animated-fast elementor-invisible\" data-id=\"364a0c5\" data-element_type=\"column\" data-e-type=\"column\" data-settings=\"{&quot;animation&quot;:&quot;fadeInDown&quot;}\">\n\t\t\t<div class=\"elementor-widget-wrap elementor-element-populated\">\n\t\t\t\t\t\t<div class=\"elementor-element elementor-element-dd6302f custom-menu-categories elementor-widget__width-inherit elementor-widget elementor-widget-wp-widget-nav_menu\" data-id=\"dd6302f\" data-element_type=\"widget\" data-e-type=\"widget\" data-settings=\"{&quot;_animation&quot;:&quot;none&quot;}\" data-widget_type=\"wp-widget-nav_menu.default\">\n\t\t\t\t<div class=\"elementor-widget-container\">\n\t\t\t\t\t<div class=\"menu-categories-articles-container\"><ul id=\"menu-categories-articles\" class=\"menu\"><li id=\"menu-item-1627\" class=\"menu-item menu-item-type-post_type menu-item-object-page menu-item-1627 sydney-dropdown-li\"><a href=\"https:\/\/ecrinduserein.com\/en\/votre-sejour\/repas-dhotes\/\" class=\"sydney-dropdown-link\">Repas d&rsquo;h\u00f4tes<\/a><\/li>\n<li id=\"menu-item-1600\" class=\"menu-item menu-item-type-post_type menu-item-object-page menu-item-1600 sydney-dropdown-li\"><a href=\"https:\/\/ecrinduserein.com\/en\/votre-sejour\/dans-le-village\/\" class=\"sydney-dropdown-link\">Dans le village<\/a><\/li>\n<li id=\"menu-item-1658\" class=\"menu-item menu-item-type-post_type menu-item-object-page menu-item-1658 sydney-dropdown-li\"><a href=\"https:\/\/ecrinduserein.com\/en\/votre-sejour\/bien-etre\/\" class=\"sydney-dropdown-link\">Bien-\u00eatre<\/a><\/li>\n<li id=\"menu-item-1659\" class=\"menu-item menu-item-type-post_type menu-item-object-page menu-item-1659 sydney-dropdown-li\"><a href=\"https:\/\/ecrinduserein.com\/en\/votre-sejour\/oenologie\/\" class=\"sydney-dropdown-link\">Oenologie<\/a><\/li>\n<li id=\"menu-item-1660\" class=\"menu-item menu-item-type-post_type menu-item-object-page menu-item-1660 sydney-dropdown-li\"><a href=\"https:\/\/ecrinduserein.com\/en\/votre-sejour\/randos-et-vtt\/\" class=\"sydney-dropdown-link\">Randos et VTT<\/a><\/li>\n<li id=\"menu-item-1657\" class=\"menu-item menu-item-type-post_type menu-item-object-page menu-item-1657 sydney-dropdown-li\"><a href=\"https:\/\/ecrinduserein.com\/en\/votre-sejour\/dans-la-region\/\" class=\"sydney-dropdown-link\">Dans la r\u00e9gion<\/a><\/li>\n<\/ul><\/div>\t\t\t\t<\/div>\n\t\t\t\t<\/div>\n\t\t\t\t\t<\/div>\n\t\t<\/nav>\n\t\t\t\t\t<\/div>\n\t\t<\/section>\n\t\t\t\t<section class=\"elementor-section elementor-top-section elementor-element elementor-element-9c48ae3 elementor-section-boxed elementor-section-height-default elementor-section-height-default\" data-id=\"9c48ae3\" data-element_type=\"section\" data-e-type=\"section\">\n\t\t\t\t\t\t<div class=\"elementor-container elementor-column-gap-default\">\n\t\t\t\t\t<div class=\"elementor-column elementor-col-100 elementor-top-column elementor-element elementor-element-34a0e4e\" data-id=\"34a0e4e\" data-element_type=\"column\" data-e-type=\"column\">\n\t\t\t<div class=\"elementor-widget-wrap elementor-element-populated\">\n\t\t\t\t\t\t<div class=\"elementor-element elementor-element-affc64b premium-blog-align-left elementor-widget elementor-widget-premium-addon-blog\" data-id=\"affc64b\" data-element_type=\"widget\" data-e-type=\"widget\" data-settings=\"{&quot;scroll_to_offset&quot;:&quot;yes&quot;}\" data-widget_type=\"premium-addon-blog.default\">\n\t\t\t\t<div class=\"elementor-widget-container\">\n\t\t\t\t\t\n\t\t\n\n\t\t\t\t<div class=\"premium-blog-wrap  premium-blog-list\" data-page=\"1637\">\n\t\t\t\t\t\t\t\t\t<div class=\"premium-blog-post-outer-container\" data-total=\"1\">\n\t\t\t<div class=\"premium-blog-post-container premium-blog-skin-side\">\n\t\t\t\t\t\t\t\t\t\t\t\t<div class=\"premium-blog-content-wrapper empty-thumb\">\n\n\t\t\t\t\t<div class=\"premium-blog-inner-container\">\n\n\t\t\t\t\t\t\t\t\t\t\t\t\t<div class=\"premium-blog-cats-container\">\n\t\t\t\t\t\t\t\t<ul class=\"post-categories\">\n\t\t\t\t\t\t\t\t\t<li><a href=\"https:\/\/ecrinduserein.com\/en\/category\/dans-la-region\/\" class=\"elementor-repeater-item-e98f751\">Dans la r\u00e9gion<\/a><\/li>\t\t\t\t\t\t\t\t<\/ul>\n\t\t\t\t\t\t\t<\/div>\n\t\t\t\t\t\t\t\t\t\t\t\t\t\t<h2 class=\"premium-blog-entry-title\">\n\t\t\t<a href=\"https:\/\/ecrinduserein.com\/en\/2021\/05\/26\/loisirs-en-morvan\/\" target=\"_blank\">\n\t\t\t\tD\u00e9couvertes viticoles\t\t\t<\/a>\n\t\t<\/h2>\n\t\t\t\t<div class=\"premium-blog-entry-meta\">\n\t\t\t\n\t\t\t\n\t\t\t\n\t\t\t\t\t<\/div>\n\t\t\n\t\t\t\t\t<\/div>\n\n\t\t\t\t\t\t\t<div class=\"premium-blog-content-inner-wrapper\">\n\t\t<style>.elementor-336 .elementor-element.elementor-element-91716f6 .elementor-heading-title{color:var( --e-global-color-edb3d03 );}.elementor-336 .elementor-element.elementor-element-d560b2e a{color:var( --e-global-color-global_color_1 );}:root{--page-title-display:none;}<\/style>\t\t<div data-elementor-type=\"wp-post\" data-elementor-id=\"336\" class=\"elementor elementor-336\">\n\t\t\t\t\t\t<section class=\"elementor-section elementor-top-section elementor-element elementor-element-e06020c elementor-section-boxed elementor-section-height-default elementor-section-height-default\" data-id=\"e06020c\" data-element_type=\"section\" data-e-type=\"section\">\n\t\t\t\t\t\t<div class=\"elementor-container elementor-column-gap-default\">\n\t\t\t\t\t<div class=\"elementor-column elementor-col-100 elementor-top-column elementor-element elementor-element-0c4c5ab\" data-id=\"0c4c5ab\" data-element_type=\"column\" data-e-type=\"column\">\n\t\t\t<div class=\"elementor-widget-wrap elementor-element-populated\">\n\t\t\t\t\t\t<div class=\"elementor-element elementor-element-91716f6 elementor-widget elementor-widget-heading\" data-id=\"91716f6\" data-element_type=\"widget\" data-e-type=\"widget\" data-widget_type=\"heading.default\">\n\t\t\t\t<div class=\"elementor-widget-container\">\n\t\t\t\t\t<h2 class=\"elementor-heading-title elementor-size-default\">D\u00e9couvertes viticoles<\/h2>\t\t\t\t<\/div>\n\t\t\t\t<\/div>\n\t\t\t\t\t<\/div>\n\t\t<\/div>\n\t\t\t\t\t<\/div>\n\t\t<\/section>\n\t\t\t\t<section class=\"elementor-section elementor-top-section elementor-element elementor-element-0edd865 elementor-section-boxed elementor-section-height-default elementor-section-height-default\" data-id=\"0edd865\" data-element_type=\"section\" data-e-type=\"section\">\n\t\t\t\t\t\t<div class=\"elementor-container elementor-column-gap-default\">\n\t\t\t\t\t<div class=\"elementor-column elementor-col-100 elementor-top-column elementor-element elementor-element-64c4b6b\" data-id=\"64c4b6b\" data-element_type=\"column\" data-e-type=\"column\">\n\t\t\t<div class=\"elementor-widget-wrap elementor-element-populated\">\n\t\t\t\t\t\t<div class=\"elementor-element elementor-element-d560b2e elementor-widget elementor-widget-text-editor\" data-id=\"d560b2e\" data-element_type=\"widget\" data-e-type=\"widget\" data-widget_type=\"text-editor.default\">\n\t\t\t\t<div class=\"elementor-widget-container\">\n\t\t\t\t\t\t\t\t\t<p>Le <a href=\"https:\/\/www.yonne-89.net\/VinYonCart.htm\" target=\"_blank\" rel=\"noopener\">vignoble de Chablis et du Grand Auxerrois<\/a><br \/>D\u00e9couvrez un terroir unique, le vignoble et les appellations de Chablis et du Grand Auxerrois. Les Maisons et Domaines, la cave coop\u00e9rative <a href=\"https:\/\/chablisienne.com\/\" target=\"_blank\" rel=\"noopener\">La Chablisienne<\/a> vous accueillent pour des visites de caves et des d\u00e9gustations. \u00a0\u00a0<\/p>\t\t\t\t\t\t\t\t<\/div>\n\t\t\t\t<\/div>\n\t\t\t\t\t<\/div>\n\t\t<\/div>\n\t\t\t\t\t<\/div>\n\t\t<\/section>\n\t\t\t\t<\/div>\n\t\t\t\t<\/div>\n\t\t\t\t\t\t\t\n\t\t\t\t<\/div>\n\t\t\t<\/div>\n\t\t<\/div>\n\n\t\t\t\t<div class=\"premium-blog-post-outer-container\" data-total=\"1\">\n\t\t\t<div class=\"premium-blog-post-container premium-blog-skin-side\">\n\t\t\t\t\t\t\t\t\t\t\t\t<div class=\"premium-blog-content-wrapper empty-thumb\">\n\n\t\t\t\t\t<div class=\"premium-blog-inner-container\">\n\n\t\t\t\t\t\t\t\t\t\t\t\t\t<div class=\"premium-blog-cats-container\">\n\t\t\t\t\t\t\t\t<ul class=\"post-categories\">\n\t\t\t\t\t\t\t\t\t<li><a href=\"https:\/\/ecrinduserein.com\/en\/category\/dans-la-region\/\" class=\"elementor-repeater-item-e98f751\">Dans la r\u00e9gion<\/a><\/li>\t\t\t\t\t\t\t\t<\/ul>\n\t\t\t\t\t\t\t<\/div>\n\t\t\t\t\t\t\t\t\t\t\t\t\t\t<h2 class=\"premium-blog-entry-title\">\n\t\t\t<a href=\"https:\/\/ecrinduserein.com\/en\/2021\/05\/25\/golf-de-tanlay\/\" target=\"_blank\">\n\t\t\t\tD\u00e9couvertes culturelles\t\t\t<\/a>\n\t\t<\/h2>\n\t\t\t\t<div class=\"premium-blog-entry-meta\">\n\t\t\t\n\t\t\t\n\t\t\t\n\t\t\t\t\t<\/div>\n\t\t\n\t\t\t\t\t<\/div>\n\n\t\t\t\t\t\t\t<div class=\"premium-blog-content-inner-wrapper\">\n\t\t<style>.elementor-331 .elementor-element.elementor-element-91716f6 .elementor-heading-title{color:var( --e-global-color-edb3d03 );}.elementor-331 .elementor-element.elementor-element-d560b2e{font-size:15px;}.elementor-331 .elementor-element.elementor-element-d560b2e a{color:var( --e-global-color-global_color_1 );}:root{--page-title-display:none;}<\/style>\t\t<div data-elementor-type=\"wp-post\" data-elementor-id=\"331\" class=\"elementor elementor-331\">\n\t\t\t\t\t\t<section class=\"elementor-section elementor-top-section elementor-element elementor-element-e06020c elementor-section-boxed elementor-section-height-default elementor-section-height-default\" data-id=\"e06020c\" data-element_type=\"section\" data-e-type=\"section\">\n\t\t\t\t\t\t<div class=\"elementor-container elementor-column-gap-default\">\n\t\t\t\t\t<div class=\"elementor-column elementor-col-100 elementor-top-column elementor-element elementor-element-0c4c5ab\" data-id=\"0c4c5ab\" data-element_type=\"column\" data-e-type=\"column\">\n\t\t\t<div class=\"elementor-widget-wrap elementor-element-populated\">\n\t\t\t\t\t\t<div class=\"elementor-element elementor-element-91716f6 elementor-widget elementor-widget-heading\" data-id=\"91716f6\" data-element_type=\"widget\" data-e-type=\"widget\" data-widget_type=\"heading.default\">\n\t\t\t\t<div class=\"elementor-widget-container\">\n\t\t\t\t\t<h2 class=\"elementor-heading-title elementor-size-default\">D\u00e9couvertes culturelles<\/h2>\t\t\t\t<\/div>\n\t\t\t\t<\/div>\n\t\t\t\t\t<\/div>\n\t\t<\/div>\n\t\t\t\t\t<\/div>\n\t\t<\/section>\n\t\t\t\t<section class=\"elementor-section elementor-top-section elementor-element elementor-element-0edd865 elementor-section-boxed elementor-section-height-default elementor-section-height-default\" data-id=\"0edd865\" data-element_type=\"section\" data-e-type=\"section\">\n\t\t\t\t\t\t<div class=\"elementor-container elementor-column-gap-default\">\n\t\t\t\t\t<div class=\"elementor-column elementor-col-100 elementor-top-column elementor-element elementor-element-64c4b6b\" data-id=\"64c4b6b\" data-element_type=\"column\" data-e-type=\"column\">\n\t\t\t<div class=\"elementor-widget-wrap elementor-element-populated\">\n\t\t\t\t\t\t<div class=\"elementor-element elementor-element-d560b2e elementor-widget elementor-widget-text-editor\" data-id=\"d560b2e\" data-element_type=\"widget\" data-e-type=\"widget\" data-widget_type=\"text-editor.default\">\n\t\t\t\t<div class=\"elementor-widget-container\">\n\t\t\t\t\t\t\t\t\t<p>La <a href=\"http:\/\/www.noyers-et-tourisme.com\/\" target=\"_blank\" rel=\"noopener\">cit\u00e9 m\u00e9di\u00e9viale de Noyers-sur-Serein<\/a><br \/>Village class\u00e9 dans les plus beaux villages de France.<\/p><p><strong>Les ch\u00e2teaux renaissance<\/strong> d&rsquo;<a href=\"https:\/\/www.chateau-ancy.com\/fr\/\" target=\"_blank\" rel=\"noopener\">Ancy-le-Franc<\/a> (XVIe si\u00e8cle), <a href=\"http:\/\/www.yonne.fr\/Culture-et-Vie-Locale\/Sites-et-monuments\/Chateau-de-Maulnes\" target=\"_blank\" rel=\"noopener\">Maulnes <\/a>(XVIe si\u00e8cle), <a href=\"http:\/\/tanlay.squarespace.com\/\" target=\"_blank\" rel=\"noopener\">Tanlay<\/a> (XVIIe si\u00e8cle).<\/p><p>Le <a href=\"http:\/\/www.chateau-bazoches.com\/chateau\/\" target=\"_blank\" rel=\"noopener\">ch\u00e2teau de Bazoches<\/a> (XIIe si\u00e8cle), acquis en 1675 par le Mar\u00e9chal de Vauban.<\/p><p><a href=\"https:\/\/www.abbayedepontigny.com\/\" target=\"_blank\" rel=\"noopener\">L&rsquo;abbaye cistercienne de Pontigny <\/a>(XIIe si\u00e8cle), deuxi\u00e8me des quatre filles de C\u00efteaux.<\/p><p>La basilique <a href=\"http:\/\/www.vezelaytourisme.com\/art213-la-basilique\" target=\"_blank\" rel=\"noopener\">Sainte Marie-Madeleine de Vezelay<\/a> (XIIe si\u00e8cle), inscrite au patrimoine mondial de l&rsquo;Unesco.<\/p><p><a href=\"https:\/\/www.grottes-arcy.net\/visite.html\" target=\"_blank\" rel=\"noopener\">Les grottes d&rsquo;Arcy-sur-Cure<\/a> riches de peintures rupestres. Les datations de 28000 \u00e0 33000 ans distinguent la Grande Grotte comme l&rsquo;une des plus anciennes grottes orn\u00e9es au monde.<\/p><p>Et aussi :<\/p><p><a href=\"http:\/\/www.abbayedefontenay.com\/fr\/\" target=\"_blank\" rel=\"noopener\">L&rsquo;abbaye de Fontenay<\/a> (XIIe si\u00e8cle), inscrite au patrimoine mondial de l&rsquo;Unesco.<\/p><p>Le chantier de construction du <a href=\"https:\/\/www.guedelon.fr\/fr\/\" target=\"_blank\" rel=\"noopener\">ch\u00e2teau de Guedelon<\/a>.<\/p><p>La <a href=\"http:\/\/www.grandeforgedebuffon.fr\/\" target=\"_blank\" rel=\"noopener\">grande forge de Buffon<\/a> (XVIIIe si\u00e8cle).<\/p>\t\t\t\t\t\t\t\t<\/div>\n\t\t\t\t<\/div>\n\t\t\t\t\t<\/div>\n\t\t<\/div>\n\t\t\t\t\t<\/div>\n\t\t<\/section>\n\t\t\t\t<\/div>\n\t\t\t\t<\/div>\n\t\t\t\t\t\t\t\n\t\t\t\t<\/div>\n\t\t\t<\/div>\n\t\t<\/div>\n\n\t\t\t\t<div class=\"premium-blog-post-outer-container\" data-total=\"1\">\n\t\t\t<div class=\"premium-blog-post-container premium-blog-skin-side\">\n\t\t\t\t\t\t\t\t\t\t\t\t<div class=\"premium-blog-content-wrapper empty-thumb\">\n\n\t\t\t\t\t<div class=\"premium-blog-inner-container\">\n\n\t\t\t\t\t\t\t\t\t\t\t\t\t<div class=\"premium-blog-cats-container\">\n\t\t\t\t\t\t\t\t<ul class=\"post-categories\">\n\t\t\t\t\t\t\t\t\t<li><a href=\"https:\/\/ecrinduserein.com\/en\/category\/dans-la-region\/\" class=\"elementor-repeater-item-e98f751\">Dans la r\u00e9gion<\/a><\/li>\t\t\t\t\t\t\t\t<\/ul>\n\t\t\t\t\t\t\t<\/div>\n\t\t\t\t\t\t\t\t\t\t\t\t\t\t<h2 class=\"premium-blog-entry-title\">\n\t\t\t<a href=\"https:\/\/ecrinduserein.com\/en\/2021\/05\/24\/carnet-de-route-2021\/\" target=\"_blank\">\n\t\t\t\tCarnet de route 2021\t\t\t<\/a>\n\t\t<\/h2>\n\t\t\t\t<div class=\"premium-blog-entry-meta\">\n\t\t\t\n\t\t\t\n\t\t\t\n\t\t\t\t\t<\/div>\n\t\t\n\t\t\t\t\t<\/div>\n\n\t\t\t\t\t\t\t<div class=\"premium-blog-content-inner-wrapper\">\n\t\t<style>.elementor-326 .elementor-element.elementor-element-91716f6 .elementor-heading-title{color:var( --e-global-color-edb3d03 );}.elementor-326 .elementor-element.elementor-element-0f9c33a a{color:var( --e-global-color-global_color_1 );}:root{--page-title-display:none;}<\/style>\t\t<div data-elementor-type=\"wp-post\" data-elementor-id=\"326\" class=\"elementor elementor-326\">\n\t\t\t\t\t\t<section class=\"elementor-section elementor-top-section elementor-element elementor-element-e06020c elementor-section-boxed elementor-section-height-default elementor-section-height-default\" data-id=\"e06020c\" data-element_type=\"section\" data-e-type=\"section\">\n\t\t\t\t\t\t<div class=\"elementor-container elementor-column-gap-default\">\n\t\t\t\t\t<div class=\"elementor-column elementor-col-100 elementor-top-column elementor-element elementor-element-0c4c5ab\" data-id=\"0c4c5ab\" data-element_type=\"column\" data-e-type=\"column\">\n\t\t\t<div class=\"elementor-widget-wrap elementor-element-populated\">\n\t\t\t\t\t\t<div class=\"elementor-element elementor-element-91716f6 elementor-widget elementor-widget-heading\" data-id=\"91716f6\" data-element_type=\"widget\" data-e-type=\"widget\" data-widget_type=\"heading.default\">\n\t\t\t\t<div class=\"elementor-widget-container\">\n\t\t\t\t\t<h2 class=\"elementor-heading-title elementor-size-default\">Carnet de route 2021 \n\n<\/h2>\t\t\t\t<\/div>\n\t\t\t\t<\/div>\n\t\t\t\t\t<\/div>\n\t\t<\/div>\n\t\t\t\t\t<\/div>\n\t\t<\/section>\n\t\t\t\t<section class=\"elementor-section elementor-top-section elementor-element elementor-element-d91cd5e elementor-section-boxed elementor-section-height-default elementor-section-height-default\" data-id=\"d91cd5e\" data-element_type=\"section\" data-e-type=\"section\">\n\t\t\t\t\t\t<div class=\"elementor-container elementor-column-gap-default\">\n\t\t\t\t\t<div class=\"elementor-column elementor-col-100 elementor-top-column elementor-element elementor-element-e1c48a8\" data-id=\"e1c48a8\" data-element_type=\"column\" data-e-type=\"column\">\n\t\t\t<div class=\"elementor-widget-wrap elementor-element-populated\">\n\t\t\t\t\t\t<div class=\"elementor-element elementor-element-0f9c33a elementor-widget elementor-widget-text-editor\" data-id=\"0f9c33a\" data-element_type=\"widget\" data-e-type=\"widget\" data-widget_type=\"text-editor.default\">\n\t\t\t\t<div class=\"elementor-widget-container\">\n\t\t\t\t\t\t\t\t\t<p>D\u00e9couvrez le carnet de route 2021 tr\u00e8s complet de Yonne tourisme ici :<\/p><p><a href=\"https:\/\/fr.calameo.com\/read\/0023342250b09cac80adf\" target=\"_blank\" rel=\"noopener\">calameo.com<\/a><\/p>\t\t\t\t\t\t\t\t<\/div>\n\t\t\t\t<\/div>\n\t\t\t\t\t<\/div>\n\t\t<\/div>\n\t\t\t\t\t<\/div>\n\t\t<\/section>\n\t\t\t\t<\/div>\n\t\t\t\t<\/div>\n\t\t\t\t\t\t\t\n\t\t\t\t<\/div>\n\t\t\t<\/div>\n\t\t<\/div>\n\n\t\t\t\t\t\t\t<\/div>\n\n\t\t\n\t\t\n\t\t\t\t\t\t<\/div>\n\t\t\t\t<\/div>\n\t\t\t\t\t<\/div>\n\t\t<\/div>\n\t\t\t\t\t<\/div>\n\t\t<\/section>\n\t\t\t\t<\/div>","protected":false},"excerpt":{"rendered":"<p>Dans la r\u00e9gion Loisirs en Morvan Loisirs en Morvan Louer votre cano\u00eb pour d\u00e9couvrir la vall\u00e9e de la Cure est\u00a0une merveille naturelle [&hellip;]<\/p>\n","protected":false},"author":4,"featured_media":0,"parent":1677,"menu_order":0,"comment_status":"closed","ping_status":"closed","template":"elementor_header_footer","meta":{"inline_featured_image":false,"footnotes":""},"class_list":["post-1637","page","type-page","status-publish","hentry"],"_links":{"self":[{"href":"https:\/\/ecrinduserein.com\/en\/wp-json\/wp\/v2\/pages\/1637","targetHints":{"allow":["GET"]}}],"collection":[{"href":"https:\/\/ecrinduserein.com\/en\/wp-json\/wp\/v2\/pages"}],"about":[{"href":"https:\/\/ecrinduserein.com\/en\/wp-json\/wp\/v2\/types\/page"}],"author":[{"embeddable":true,"href":"https:\/\/ecrinduserein.com\/en\/wp-json\/wp\/v2\/users\/4"}],"replies":[{"embeddable":true,"href":"https:\/\/ecrinduserein.com\/en\/wp-json\/wp\/v2\/comments?post=1637"}],"version-history":[{"count":13,"href":"https:\/\/ecrinduserein.com\/en\/wp-json\/wp\/v2\/pages\/1637\/revisions"}],"predecessor-version":[{"id":2306,"href":"https:\/\/ecrinduserein.com\/en\/wp-json\/wp\/v2\/pages\/1637\/revisions\/2306"}],"up":[{"embeddable":true,"href":"https:\/\/ecrinduserein.com\/en\/wp-json\/wp\/v2\/pages\/1677"}],"wp:attachment":[{"href":"https:\/\/ecrinduserein.com\/en\/wp-json\/wp\/v2\/media?parent=1637"}],"curies":[{"name":"wp","href":"https:\/\/api.w.org\/{rel}","templated":true}]}}