{"id":293,"date":"2021-03-12T16:19:38","date_gmt":"2021-03-12T15:19:38","guid":{"rendered":"http:\/\/149.91.81.11\/ecrin_du_serein\/?page_id=293"},"modified":"2023-06-08T18:29:37","modified_gmt":"2023-06-08T16:29:37","slug":"chambre-rubis","status":"publish","type":"page","link":"https:\/\/ecrinduserein.com\/en\/chambre-rubis\/","title":{"rendered":"Rubis room"},"content":{"rendered":"<div data-elementor-type=\"wp-page\" data-elementor-id=\"293\" class=\"elementor elementor-293\">\n\t\t\t\t\t\t<section class=\"elementor-section elementor-top-section elementor-element elementor-element-6cc9d03 image-text elementor-section-boxed elementor-section-height-default elementor-section-height-default\" data-id=\"6cc9d03\" data-element_type=\"section\" data-e-type=\"section\" id=\"rubis\">\n\t\t\t\t\t\t<div class=\"elementor-container elementor-column-gap-wide\">\n\t\t\t\t\t<div class=\"elementor-column elementor-col-50 elementor-top-column elementor-element elementor-element-8d374a3\" data-id=\"8d374a3\" data-element_type=\"column\" data-e-type=\"column\">\n\t\t\t<div class=\"elementor-widget-wrap elementor-element-populated\">\n\t\t\t\t\t\t<div class=\"elementor-element elementor-element-dfbef2c elementor-pagination-position-inside elementor-widget elementor-widget-image-carousel\" data-id=\"dfbef2c\" data-element_type=\"widget\" data-e-type=\"widget\" data-settings=\"{&quot;slides_to_show&quot;:&quot;1&quot;,&quot;navigation&quot;:&quot;dots&quot;,&quot;autoplay&quot;:&quot;yes&quot;,&quot;pause_on_hover&quot;:&quot;yes&quot;,&quot;pause_on_interaction&quot;:&quot;yes&quot;,&quot;autoplay_speed&quot;:5000,&quot;infinite&quot;:&quot;yes&quot;,&quot;effect&quot;:&quot;slide&quot;,&quot;speed&quot;:500}\" data-widget_type=\"image-carousel.default\">\n\t\t\t\t<div class=\"elementor-widget-container\">\n\t\t\t\t\t\t\t<div class=\"elementor-image-carousel-wrapper swiper\" role=\"region\" aria-roledescription=\"carousel\" aria-label=\"Carrousel d\u2019images\" dir=\"ltr\">\n\t\t\t<div class=\"elementor-image-carousel swiper-wrapper\" aria-live=\"off\">\n\t\t\t\t\t\t\t\t<div class=\"swiper-slide\" role=\"group\" aria-roledescription=\"slide\" aria-label=\"1 sur 4\"><figure class=\"swiper-slide-inner\"><img decoding=\"async\" class=\"swiper-slide-image\" src=\"https:\/\/ecrinduserein.com\/wp-content\/uploads\/elementor\/thumbs\/rubis_cheminee_60-p7w8cl4q4xov1rpna4dky82kv4xz9zh9fd23gmtbdy.jpg\" alt=\"Chambre Rubis\" \/><\/figure><\/div><div class=\"swiper-slide\" role=\"group\" aria-roledescription=\"slide\" aria-label=\"2 sur 4\"><figure class=\"swiper-slide-inner\"><img decoding=\"async\" class=\"swiper-slide-image\" src=\"https:\/\/ecrinduserein.com\/wp-content\/uploads\/elementor\/thumbs\/rubis_large_60-p7w8cm2kbrq5ddoa4ms7ipu1gitchokzrhpkxwrx7q.jpg\" alt=\"Chambre Rubis\" \/><\/figure><\/div><div class=\"swiper-slide\" role=\"group\" aria-roledescription=\"slide\" aria-label=\"3 sur 4\"><figure class=\"swiper-slide-inner\"><img decoding=\"async\" class=\"swiper-slide-image\" src=\"https:\/\/ecrinduserein.com\/wp-content\/uploads\/elementor\/thumbs\/IMG_3900-489X631-doucheitalienne2-q1pxxrgoqy87nby18rhl76m21gr83iumlbc74ymuau.jpg\" alt=\"Douche \u00e0 l&#039;italienne chambre Rubis\" \/><\/figure><\/div><div class=\"swiper-slide\" role=\"group\" aria-roledescription=\"slide\" aria-label=\"4 sur 4\"><figure class=\"swiper-slide-inner\"><img decoding=\"async\" class=\"swiper-slide-image\" src=\"https:\/\/ecrinduserein.com\/wp-content\/uploads\/elementor\/thumbs\/sdb-piece-site-489x631-1-q1px6k0uxkzflngq404c11rr1yurawubink92mz2ee.jpg\" alt=\"salle-ce-bain chambre Rubis\" \/><\/figure><\/div>\t\t\t<\/div>\n\t\t\t\t\t\t\t\n\t\t\t\t\t\t\t\t\t<div class=\"swiper-pagination\"><\/div>\n\t\t\t\t\t\t\t\t\t<\/div>\n\t\t\t\t\t\t<\/div>\n\t\t\t\t<\/div>\n\t\t\t\t\t<\/div>\n\t\t<\/div>\n\t\t\t\t<div class=\"elementor-column elementor-col-50 elementor-top-column elementor-element elementor-element-30db87a\" data-id=\"30db87a\" data-element_type=\"column\" data-e-type=\"column\">\n\t\t\t<div class=\"elementor-widget-wrap elementor-element-populated\">\n\t\t\t\t\t\t<div class=\"elementor-element elementor-element-acfea88 elementor-widget-divider--view-line elementor-widget elementor-widget-divider\" data-id=\"acfea88\" data-element_type=\"widget\" data-e-type=\"widget\" data-widget_type=\"divider.default\">\n\t\t\t\t<div class=\"elementor-widget-container\">\n\t\t\t\t\t\t\t<div class=\"elementor-divider\">\n\t\t\t<span class=\"elementor-divider-separator\">\n\t\t\t\t\t\t<\/span>\n\t\t<\/div>\n\t\t\t\t\t\t<\/div>\n\t\t\t\t<\/div>\n\t\t\t\t<div class=\"elementor-element elementor-element-ed56cf3 elementor-widget elementor-widget-heading\" data-id=\"ed56cf3\" data-element_type=\"widget\" data-e-type=\"widget\" data-widget_type=\"heading.default\">\n\t\t\t\t<div class=\"elementor-widget-container\">\n\t\t\t\t\t<h2 class=\"elementor-heading-title elementor-size-default\">The Rubis Room<\/h2>\t\t\t\t<\/div>\n\t\t\t\t<\/div>\n\t\t\t\t<div class=\"elementor-element elementor-element-dddd8d3 elementor-widget elementor-widget-text-editor\" data-id=\"dddd8d3\" data-element_type=\"widget\" data-e-type=\"widget\" data-widget_type=\"text-editor.default\">\n\t\t\t\t<div class=\"elementor-widget-container\">\n\t\t\t\t\t\t\t\t\t<p>Lumineuse et confortable avec sa chemin\u00e9e, la chambre Rubis b\u00e9n\u00e9ficie d\u2019une salle de bain spacieuse avec une douche \u00e0 l&rsquo;italienne, de sanitaires privatifs et d&rsquo;une vue agr\u00e9able sur le jardin.<\/p><p>Bedding 160 x 200 cm. Electric kettle for your snacks. Floor tiles, interior shutters.<\/p><p>Votre petit d\u00e9jeuner est servi dans le salon attenant \u00e0 la chambre, qui donne directement sur le grand jardin. Il est \u00e9quip\u00e9 d\u2019un micro-ondes et d\u2019un mini-bar frigidaire, mis \u00e0 votre disposition si vous souhaitez d\u00eener sur place. Vous pouvez \u00e9galement <a href=\"https:\/\/ecrinduserein.com\/en\/votre-sejour\/repas-dhotes\/\" target=\"_blank\" rel=\"noopener\">d\u00eener sur place<\/a> nous mettons \u00e0 votre disposition le salon d&rsquo;h\u00f4te et le jardin !<\/p>\t\t\t\t\t\t\t\t<\/div>\n\t\t\t\t<\/div>\n\t\t\t\t<div class=\"elementor-element elementor-element-578290c elementor-align--mobilecenter elementor-widget elementor-widget-elementskit-button\" data-id=\"578290c\" data-element_type=\"widget\" data-e-type=\"widget\" data-widget_type=\"elementskit-button.default\">\n\t\t\t\t<div class=\"elementor-widget-container\">\n\t\t\t\t\t<div class=\"ekit-wid-con\" >\t\t<div class=\"ekit-btn-wraper\">\n\t\t\t\t\t\t\t<a href=\"https:\/\/ecrinduserein.com\/en\/reservation\/\" class=\"elementskit-btn  whitespace--normal\" id=\"\">\n\t\t\t\t\tPRICES \/ RESERVATION\t\t\t\t<\/a>\n\t\t\t\t\t<\/div>\n        <\/div>\t\t\t\t<\/div>\n\t\t\t\t<\/div>\n\t\t\t\t<section class=\"elementor-section elementor-inner-section elementor-element elementor-element-0d17b7f elementor-section-boxed elementor-section-height-default elementor-section-height-default\" data-id=\"0d17b7f\" data-element_type=\"section\" data-e-type=\"section\">\n\t\t\t\t\t\t<div class=\"elementor-container elementor-column-gap-default\">\n\t\t\t\t\t<div class=\"elementor-column elementor-col-100 elementor-inner-column elementor-element elementor-element-0f67ff4\" data-id=\"0f67ff4\" data-element_type=\"column\" data-e-type=\"column\">\n\t\t\t<div class=\"elementor-widget-wrap elementor-element-populated\">\n\t\t\t\t\t\t<div class=\"elementor-element elementor-element-a38f65a gallery-spacing-custom elementor-widget elementor-widget-image-gallery\" data-id=\"a38f65a\" data-element_type=\"widget\" data-e-type=\"widget\" data-widget_type=\"image-gallery.default\">\n\t\t\t\t<div class=\"elementor-widget-container\">\n\t\t\t\t\t\t\t<div class=\"elementor-image-gallery\">\n\t\t\t<div id='gallery-1' class='gallery galleryid-293 gallery-columns-3 gallery-size-thumbnail'><figure class='gallery-item'>\n\t\t\t<div class='gallery-icon landscape'>\n\t\t\t\t<a data-elementor-open-lightbox=\"yes\" data-elementor-lightbox-slideshow=\"a38f65a\" data-elementor-lightbox-title=\"IMG_3326 entreeeds-base-ok\" data-e-action-hash=\"#elementor-action%3Aaction%3Dlightbox%26settings%3DeyJpZCI6MjQ1NiwidXJsIjoiaHR0cHM6XC9cL2VjcmluZHVzZXJlaW4uY29tXC93cC1jb250ZW50XC91cGxvYWRzXC8yMDIxXC8wNVwvSU1HXzMzMjYtZW50cmVlZWRzLWJhc2Utb2suanBnIiwic2xpZGVzaG93IjoiYTM4ZjY1YSJ9\" href='https:\/\/ecrinduserein.com\/wp-content\/uploads\/2021\/05\/IMG_3326-entreeeds-base-ok.jpg'><img decoding=\"async\" width=\"150\" height=\"150\" src=\"https:\/\/ecrinduserein.com\/wp-content\/uploads\/2021\/05\/IMG_3326-entreeeds-base-ok-150x150.jpg\" class=\"attachment-thumbnail size-thumbnail\" alt=\"\" aria-describedby=\"gallery-1-2456\" \/><\/a>\n\t\t\t<\/div>\n\t\t\t\t<figcaption class='wp-caption-text gallery-caption' id='gallery-1-2456'>\n\t\t\t\tL&rsquo;Ecrin du Serein\n\t\t\t\t<\/figcaption><\/figure><figure class='gallery-item'>\n\t\t\t<div class='gallery-icon portrait'>\n\t\t\t\t<a data-elementor-open-lightbox=\"yes\" data-elementor-lightbox-slideshow=\"a38f65a\" data-elementor-lightbox-title=\"pigeonnier2\" data-e-action-hash=\"#elementor-action%3Aaction%3Dlightbox%26settings%3DeyJpZCI6MTE5MywidXJsIjoiaHR0cHM6XC9cL2VjcmluZHVzZXJlaW4uY29tXC93cC1jb250ZW50XC91cGxvYWRzXC8yMDIxXC8wNFwvcGlnZW9ubmllcjIuanBnIiwic2xpZGVzaG93IjoiYTM4ZjY1YSJ9\" href='https:\/\/ecrinduserein.com\/wp-content\/uploads\/2021\/04\/pigeonnier2.jpg'><img decoding=\"async\" width=\"150\" height=\"150\" src=\"https:\/\/ecrinduserein.com\/wp-content\/uploads\/2021\/04\/pigeonnier2-150x150.jpg\" class=\"attachment-thumbnail size-thumbnail\" alt=\"\" aria-describedby=\"gallery-1-1193\" \/><\/a>\n\t\t\t<\/div>\n\t\t\t\t<figcaption class='wp-caption-text gallery-caption' id='gallery-1-1193'>\n\t\t\t\tLe pigeonnier dans le jardin\n\t\t\t\t<\/figcaption><\/figure><figure class='gallery-item'>\n\t\t\t<div class='gallery-icon portrait'>\n\t\t\t\t<a data-elementor-open-lightbox=\"yes\" data-elementor-lightbox-slideshow=\"a38f65a\" data-elementor-lightbox-title=\"5.petit dej rubis\" data-e-action-hash=\"#elementor-action%3Aaction%3Dlightbox%26settings%3DeyJpZCI6MTE5MSwidXJsIjoiaHR0cHM6XC9cL2VjcmluZHVzZXJlaW4uY29tXC93cC1jb250ZW50XC91cGxvYWRzXC8yMDIxXC8wNFwvNS5wZXRpdC1kZWotcnViaXMtc2NhbGVkLmpwZyIsInNsaWRlc2hvdyI6ImEzOGY2NWEifQ%3D%3D\" href='https:\/\/ecrinduserein.com\/wp-content\/uploads\/2021\/04\/5.petit-dej-rubis-scaled.jpg'><img decoding=\"async\" width=\"150\" height=\"150\" src=\"https:\/\/ecrinduserein.com\/wp-content\/uploads\/2021\/04\/5.petit-dej-rubis-150x150.jpg\" class=\"attachment-thumbnail size-thumbnail\" alt=\"\" aria-describedby=\"gallery-1-1191\" \/><\/a>\n\t\t\t<\/div>\n\t\t\t\t<figcaption class='wp-caption-text gallery-caption' id='gallery-1-1191'>\n\t\t\t\tPetit d\u00e9jeuner \n\t\t\t\t<\/figcaption><\/figure>\n\t\t<\/div>\n\t\t<\/div>\n\t\t\t\t\t\t<\/div>\n\t\t\t\t<\/div>\n\t\t\t\t\t<\/div>\n\t\t<\/div>\n\t\t\t\t\t<\/div>\n\t\t<\/section>\n\t\t\t\t\t<\/div>\n\t\t<\/div>\n\t\t\t\t\t<\/div>\n\t\t<\/section>\n\t\t\t\t<\/div>","protected":false},"excerpt":{"rendered":"<p>La Chambre Rubis Lumineuse et confortable avec sa chemin\u00e9e, la chambre Rubis b\u00e9n\u00e9ficie d\u2019une salle de bain spacieuse avec une douche \u00e0 [&hellip;]<\/p>\n","protected":false},"author":4,"featured_media":0,"parent":0,"menu_order":0,"comment_status":"closed","ping_status":"closed","template":"","meta":{"inline_featured_image":false,"footnotes":""},"class_list":["post-293","page","type-page","status-publish","hentry"],"_links":{"self":[{"href":"https:\/\/ecrinduserein.com\/en\/wp-json\/wp\/v2\/pages\/293","targetHints":{"allow":["GET"]}}],"collection":[{"href":"https:\/\/ecrinduserein.com\/en\/wp-json\/wp\/v2\/pages"}],"about":[{"href":"https:\/\/ecrinduserein.com\/en\/wp-json\/wp\/v2\/types\/page"}],"author":[{"embeddable":true,"href":"https:\/\/ecrinduserein.com\/en\/wp-json\/wp\/v2\/users\/4"}],"replies":[{"embeddable":true,"href":"https:\/\/ecrinduserein.com\/en\/wp-json\/wp\/v2\/comments?post=293"}],"version-history":[{"count":157,"href":"https:\/\/ecrinduserein.com\/en\/wp-json\/wp\/v2\/pages\/293\/revisions"}],"predecessor-version":[{"id":5907,"href":"https:\/\/ecrinduserein.com\/en\/wp-json\/wp\/v2\/pages\/293\/revisions\/5907"}],"wp:attachment":[{"href":"https:\/\/ecrinduserein.com\/en\/wp-json\/wp\/v2\/media?parent=293"}],"curies":[{"name":"wp","href":"https:\/\/api.w.org\/{rel}","templated":true}]}}